{"id":3864,"date":"2025-05-28T00:25:26","date_gmt":"2025-05-27T22:25:26","guid":{"rendered":"https:\/\/www.eh-kickoff.com\/de\/?page_id=3864"},"modified":"2025-05-28T00:33:37","modified_gmt":"2025-05-27T22:33:37","slug":"erich-hohl","status":"publish","type":"page","link":"https:\/\/www.eh-kickoff.com\/de\/erich-hohl\/","title":{"rendered":"Erich Hohl"},"content":{"rendered":"<div class=\"wpb-content-wrapper\"><p>[vc_row][vc_column css=&#8220;.vc_custom_1748384833381{padding-bottom: 20px !important;}&#8220;][vc_single_image image=&#8220;3880&#8243; img_size=&#8220;medium&#8220; alignment=&#8220;center&#8220; style=&#8220;vc_box_circle&#8220; css=&#8220;.vc_custom_1748384706894{border-radius: 35px !important;}&#8220;][\/vc_column][\/vc_row][vc_row][vc_column][vc_column_text css=&#8220;&#8220;]<\/p>\n<p class=\"p1\">Mit \u00fcber <span class=\"s1\"><b>20 Jahren Erfahrung<\/b><\/span> in der Organisation von <span class=\"s1\"><b>Trainingscamps, internationalen Spielen und Sportevents<\/b><\/span> f\u00fcr Profis wie auch Amateure bringe ich das n\u00f6tige Know-how, die richtigen Kontakte und ein starkes Netzwerk mit, um Ihr Vorhaben <span class=\"s1\"><b>zielgerichtet und professionell<\/b><\/span> umzusetzen.<\/p>\n<p class=\"p1\">Ob Vorbereitungsspiel, Camp oder individuelles Event \u2013 ich wei\u00df, worauf es ankommt, damit aus einer Idee ein Erfolg wird. Neben meiner langj\u00e4hrigen T\u00e4tigkeit im Sportmanagement bin ich zudem <span class=\"s1\"><b>offiziell als FIFA Match Agent lizenziert<\/b><\/span> und international vernetzt, um Projekte auf h\u00f6chstem organisatorischem Niveau zu realisieren.<\/p>\n<p class=\"p1\">Ich freue mich auf Ihre Anfrage \u2013 und darauf, Ihre W\u00fcnsche in eine <span class=\"s1\"><b>ma\u00dfgeschneiderte L\u00f6sung mit sportlicher Pr\u00e4zision und Handschlagqualit\u00e4t<\/b><\/span> zu verwandeln.<\/p>\n<p>&nbsp;<\/p>\n<h3><strong>\u00d6sterreichischer FIFA Match Agent Hohl Erich<\/strong><\/h3>\n<p><strong> Lizenz-Nummer 417.709<\/strong> \u2013 <a href=\"https:\/\/de.wikipedia.org\/wiki\/Fifa_Match_Agent\">Match Agent Wikipedia<\/a><\/p>\n<p>Im Jahr 2018 erteilte mir die UEFA\/FIFA \u00fcber den \u00d6FB die offizielle FIFA Spielvermittler-Lizenz mit der Nr. 417709, damit ich als FIFA Spielvermittler weltweit als \u201eSpielvermittler\u201c (\u201eFIFA Match Agent Licence\u201c)<br \/>\nauftreten kann.<br \/>\nSomit kann ich offiziell weltweit int. Test-\/Freundschafts- und Vorbereitungsspiele f\u00fcr Nationalverb\u00e4nde\/Profi- und Amateurteams organisieren. Nat\u00fcrlich werden mit Partnern auch die entsprechenden Hotels\/Fl\u00fcge\/Transfers etc. im Zuge der Testspiele angeboten. Weltweit auf allen Kontinenten gibt es fast 200 UEFA\/FIFA Spielvermittler \u00fcber das Netzwerk FIFMA, die st\u00e4ndig im Austausch sind und obige Leistungen in enger Zusammenarbeit anbieten.<\/p>\n<p>&nbsp;<\/p>\n<h3><strong>Hohl Erich \u2013 \u00d6FB\/UEFA Tournament-Direktor bzw. TLO f\u00fcr \u00d6FB (\u00d6sterreichischer Fu\u00dfballbund)<\/strong><\/h3>\n<p><strong>Was ist ein TLO?<\/strong><\/p>\n<p>Ein Trainings Liaison Officer (TLO) ist eine Kontaktperson, die bei allen gro\u00dfen Turnieren\/\u00d6FB Lehrg\u00e4ngen in \u00d6sterreich (vom Bodensee bis zum Neusiedlersee) f\u00fcr Freundschafts- und offizielle Bewerbsspiele zum<br \/>\nEinsatz kommt und als Ansprechpartner f\u00fcr die \u00d6FB Match- und Trainingsorganisation\/Transfers\/Hotelquartier etc. f\u00fcr das Gastnationalteams auftritt.<br \/>\nSeit 2017 betreue ich alle \u00d6FB Herren-Gastteams (Futsal, U-21, U-19, U-18, U-17, U-16 und U-15) bzw. alle \u00d6FB Frauen-Gastteams (Frauen A, WU 19 und WU 17) in \u00d6sterreich.<br \/>\nVon mir betreute Nationalteams als \u00d6FB TLO in \u00d6sterreich: Nordirland, Irland, Lettland, D\u00e4nemark, Montenegro, Wales, England, Georgien, Frankreich, Norwegen, Zypern, Israel, Bulgarien, San Marion, Schottland, Island, F\u00e4roer Inseln, Polen, Slowenien, Tschechien, Slowakei, Serbien, Belgien, Deutschland, Niederlande, Ukraine, Spanien, Nordmazedonien, Albanien<\/p>\n<p>&nbsp;<\/p>\n<h3><strong>\u00d6FB\/UEFA Tournament-Direktor<\/strong><\/h3>\n<p>Seit dem Jahr 2021 bin ich als \u00d6FB\/UEFA Tournamentdirector bei 4 Nationen-UEFA Tournament`s in \u00d6sterreich f\u00fcr den \u00d6FB im Einsatz und organisiere mit dem entsprechendem \u00d6FB Teammanager die<br \/>\nkomplette Abwicklung und Durchf\u00fchrung der 3 G\u00e4steteams und des \u00d6FB Teams in Bezug auf TLO`s, Quartiere, Transfers, Trainings, Spiele, UEFA-Meeting etc. und sonstigen gew\u00fcnschten Dienstleistungen in \u00d6sterreich. Dieses Tournament im Nachwuchsbereich bei den M\u00e4nnern und Frauen wird mit 4 Nationen (\u00d6FB als Veranstalter) ausgetragen und dauert in der Regel 10 \u2013 12 Tage mit insgesamt 3<br \/>\nSpieltagen im Modus jeder gegen jeden.[\/vc_column_text][\/vc_column][\/vc_row]<\/p>\n<\/div>","protected":false},"excerpt":{"rendered":"<p>[vc_row][vc_column css=&#8220;.vc_custom_1748384833381{padding-bottom: 20px !important;}&#8220;][vc_single_image image=&#8220;3880&#8243; img_size=&#8220;medium&#8220; alignment=&#8220;center&#8220; style=&#8220;vc_box_circle&#8220; css=&#8220;.vc_custom_1748384706894{border-radius: 35px !important;}&#8220;][\/vc_column][\/vc_row][vc_row][vc_column][vc_column_text css=&#8220;&#8220;] Mit \u00fcber 20 Jahren Erfahrung in der Organisation von Trainingscamps, internationalen Spielen und Sportevents f\u00fcr Profis wie auch Amateure bringe ich das n\u00f6tige Know-how, die richtigen Kontakte und ein starkes Netzwerk mit, um Ihr Vorhaben zielgerichtet und professionell umzusetzen. Ob Vorbereitungsspiel, Camp oder&hellip;<\/p>\n","protected":false},"author":1,"featured_media":0,"parent":0,"menu_order":0,"comment_status":"closed","ping_status":"closed","template":"template-microsite.php","meta":{"footnotes":""},"class_list":["post-3864","page","type-page","status-publish","hentry","description-off"],"yoast_head":"<!-- This site is optimized with the Yoast SEO plugin v27.4 - https:\/\/yoast.com\/product\/yoast-seo-wordpress\/ -->\n<title>Erich Hohl<\/title>\n<meta name=\"robots\" content=\"index, follow, max-snippet:-1, max-image-preview:large, max-video-preview:-1\" \/>\n<link rel=\"canonical\" href=\"https:\/\/www.eh-kickoff.com\/de\/erich-hohl\/\" \/>\n<meta property=\"og:locale\" content=\"de_DE\" \/>\n<meta property=\"og:locale:alternate\" content=\"en_US,en_GB\" \/>\n<meta property=\"og:type\" content=\"article\" \/>\n<meta property=\"og:title\" content=\"Erich Hohl\" \/>\n<meta property=\"og:description\" content=\"[vc_row][vc_column css=&#8220;.vc_custom_1748384833381{padding-bottom: 20px !important;}&#8220;][vc_single_image image=&#8220;3880&#8243; img_size=&#8220;medium&#8220; alignment=&#8220;center&#8220; style=&#8220;vc_box_circle&#8220; css=&#8220;.vc_custom_1748384706894{border-radius: 35px !important;}&#8220;][\/vc_column][\/vc_row][vc_row][vc_column][vc_column_text css=&#8220;&#8220;] Mit \u00fcber 20 Jahren Erfahrung in der Organisation von Trainingscamps, internationalen Spielen und Sportevents f\u00fcr Profis wie auch Amateure bringe ich das n\u00f6tige Know-how, die richtigen Kontakte und ein starkes Netzwerk mit, um Ihr Vorhaben zielgerichtet und professionell umzusetzen. Ob Vorbereitungsspiel, Camp oder&hellip;\" \/>\n<meta property=\"og:url\" content=\"https:\/\/www.eh-kickoff.com\/de\/erich-hohl\/\" \/>\n<meta property=\"og:site_name\" content=\"EH Kickoff\" \/>\n<meta property=\"article:modified_time\" content=\"2025-05-27T22:33:37+00:00\" \/>\n<meta name=\"twitter:card\" content=\"summary_large_image\" \/>\n<meta name=\"twitter:label1\" content=\"Gesch\u00e4tzte Lesezeit\" \/>\n\t<meta name=\"twitter:data1\" content=\"3\u00a0Minuten\" \/>\n<script type=\"application\/ld+json\" class=\"yoast-schema-graph\">{\"@context\":\"https:\\\/\\\/schema.org\",\"@graph\":[{\"@type\":\"WebPage\",\"@id\":\"https:\\\/\\\/www.eh-kickoff.com\\\/de\\\/erich-hohl\\\/\",\"url\":\"https:\\\/\\\/www.eh-kickoff.com\\\/de\\\/erich-hohl\\\/\",\"name\":\"Erich Hohl\",\"isPartOf\":{\"@id\":\"https:\\\/\\\/www.eh-kickoff.com\\\/de\\\/#website\"},\"datePublished\":\"2025-05-27T22:25:26+00:00\",\"dateModified\":\"2025-05-27T22:33:37+00:00\",\"breadcrumb\":{\"@id\":\"https:\\\/\\\/www.eh-kickoff.com\\\/de\\\/erich-hohl\\\/#breadcrumb\"},\"inLanguage\":\"de-DE\",\"potentialAction\":[{\"@type\":\"ReadAction\",\"target\":[\"https:\\\/\\\/www.eh-kickoff.com\\\/de\\\/erich-hohl\\\/\"]}]},{\"@type\":\"BreadcrumbList\",\"@id\":\"https:\\\/\\\/www.eh-kickoff.com\\\/de\\\/erich-hohl\\\/#breadcrumb\",\"itemListElement\":[{\"@type\":\"ListItem\",\"position\":1,\"name\":\"Startseite\",\"item\":\"https:\\\/\\\/www.eh-kickoff.com\\\/de\\\/\"},{\"@type\":\"ListItem\",\"position\":2,\"name\":\"Erich Hohl\"}]},{\"@type\":\"WebSite\",\"@id\":\"https:\\\/\\\/www.eh-kickoff.com\\\/de\\\/#website\",\"url\":\"https:\\\/\\\/www.eh-kickoff.com\\\/de\\\/\",\"name\":\"EH Kickoff\",\"description\":\"our experience for your success\",\"publisher\":{\"@id\":\"https:\\\/\\\/www.eh-kickoff.com\\\/de\\\/#organization\"},\"potentialAction\":[{\"@type\":\"SearchAction\",\"target\":{\"@type\":\"EntryPoint\",\"urlTemplate\":\"https:\\\/\\\/www.eh-kickoff.com\\\/de\\\/?s={search_term_string}\"},\"query-input\":{\"@type\":\"PropertyValueSpecification\",\"valueRequired\":true,\"valueName\":\"search_term_string\"}}],\"inLanguage\":\"de-DE\"},{\"@type\":\"Organization\",\"@id\":\"https:\\\/\\\/www.eh-kickoff.com\\\/de\\\/#organization\",\"name\":\"EH Kickoff\",\"url\":\"https:\\\/\\\/www.eh-kickoff.com\\\/de\\\/\",\"logo\":{\"@type\":\"ImageObject\",\"inLanguage\":\"de-DE\",\"@id\":\"https:\\\/\\\/www.eh-kickoff.com\\\/de\\\/#\\\/schema\\\/logo\\\/image\\\/\",\"url\":\"https:\\\/\\\/www.eh-kickoff.com\\\/wp-content\\\/uploads\\\/2019\\\/03\\\/logo_hr.png\",\"contentUrl\":\"https:\\\/\\\/www.eh-kickoff.com\\\/wp-content\\\/uploads\\\/2019\\\/03\\\/logo_hr.png\",\"width\":650,\"height\":650,\"caption\":\"EH Kickoff\"},\"image\":{\"@id\":\"https:\\\/\\\/www.eh-kickoff.com\\\/de\\\/#\\\/schema\\\/logo\\\/image\\\/\"}}]}<\/script>\n<!-- \/ Yoast SEO plugin. -->","yoast_head_json":{"title":"Erich Hohl","robots":{"index":"index","follow":"follow","max-snippet":"max-snippet:-1","max-image-preview":"max-image-preview:large","max-video-preview":"max-video-preview:-1"},"canonical":"https:\/\/www.eh-kickoff.com\/de\/erich-hohl\/","og_locale":"de_DE","og_type":"article","og_title":"[:en]Erich Hohl[:de]Erich Hohl[:] &#8211; EH Kickoff","og_description":"[vc_row][vc_column css=&#8220;.vc_custom_1748384833381{padding-bottom: 20px !important;}&#8220;][vc_single_image image=&#8220;3880&#8243; img_size=&#8220;medium&#8220; alignment=&#8220;center&#8220; style=&#8220;vc_box_circle&#8220; css=&#8220;.vc_custom_1748384706894{border-radius: 35px !important;}&#8220;][\/vc_column][\/vc_row][vc_row][vc_column][vc_column_text css=&#8220;&#8220;] Mit \u00fcber 20 Jahren Erfahrung in der Organisation von Trainingscamps, internationalen Spielen und Sportevents f\u00fcr Profis wie auch Amateure bringe ich das n\u00f6tige Know-how, die richtigen Kontakte und ein starkes Netzwerk mit, um Ihr Vorhaben zielgerichtet und professionell umzusetzen. Ob Vorbereitungsspiel, Camp oder&hellip;","og_url":"https:\/\/www.eh-kickoff.com\/de\/erich-hohl\/","og_site_name":"EH Kickoff","article_modified_time":"2025-05-27T22:33:37+00:00","twitter_card":"summary_large_image","twitter_misc":{"Gesch\u00e4tzte Lesezeit":"3\u00a0Minuten"},"schema":{"@context":"https:\/\/schema.org","@graph":[{"@type":"WebPage","@id":"https:\/\/www.eh-kickoff.com\/de\/erich-hohl\/","url":"https:\/\/www.eh-kickoff.com\/de\/erich-hohl\/","name":"Erich Hohl","isPartOf":{"@id":"https:\/\/www.eh-kickoff.com\/de\/#website"},"datePublished":"2025-05-27T22:25:26+00:00","dateModified":"2025-05-27T22:33:37+00:00","breadcrumb":{"@id":"https:\/\/www.eh-kickoff.com\/de\/erich-hohl\/#breadcrumb"},"inLanguage":"de-DE","potentialAction":[{"@type":"ReadAction","target":["https:\/\/www.eh-kickoff.com\/de\/erich-hohl\/"]}]},{"@type":"BreadcrumbList","@id":"https:\/\/www.eh-kickoff.com\/de\/erich-hohl\/#breadcrumb","itemListElement":[{"@type":"ListItem","position":1,"name":"Startseite","item":"https:\/\/www.eh-kickoff.com\/de\/"},{"@type":"ListItem","position":2,"name":"Erich Hohl"}]},{"@type":"WebSite","@id":"https:\/\/www.eh-kickoff.com\/de\/#website","url":"https:\/\/www.eh-kickoff.com\/de\/","name":"EH Kickoff","description":"our experience for your success","publisher":{"@id":"https:\/\/www.eh-kickoff.com\/de\/#organization"},"potentialAction":[{"@type":"SearchAction","target":{"@type":"EntryPoint","urlTemplate":"https:\/\/www.eh-kickoff.com\/de\/?s={search_term_string}"},"query-input":{"@type":"PropertyValueSpecification","valueRequired":true,"valueName":"search_term_string"}}],"inLanguage":"de-DE"},{"@type":"Organization","@id":"https:\/\/www.eh-kickoff.com\/de\/#organization","name":"EH Kickoff","url":"https:\/\/www.eh-kickoff.com\/de\/","logo":{"@type":"ImageObject","inLanguage":"de-DE","@id":"https:\/\/www.eh-kickoff.com\/de\/#\/schema\/logo\/image\/","url":"https:\/\/www.eh-kickoff.com\/wp-content\/uploads\/2019\/03\/logo_hr.png","contentUrl":"https:\/\/www.eh-kickoff.com\/wp-content\/uploads\/2019\/03\/logo_hr.png","width":650,"height":650,"caption":"EH Kickoff"},"image":{"@id":"https:\/\/www.eh-kickoff.com\/de\/#\/schema\/logo\/image\/"}}]}},"_links":{"self":[{"href":"https:\/\/www.eh-kickoff.com\/de\/wp-json\/wp\/v2\/pages\/3864","targetHints":{"allow":["GET"]}}],"collection":[{"href":"https:\/\/www.eh-kickoff.com\/de\/wp-json\/wp\/v2\/pages"}],"about":[{"href":"https:\/\/www.eh-kickoff.com\/de\/wp-json\/wp\/v2\/types\/page"}],"author":[{"embeddable":true,"href":"https:\/\/www.eh-kickoff.com\/de\/wp-json\/wp\/v2\/users\/1"}],"replies":[{"embeddable":true,"href":"https:\/\/www.eh-kickoff.com\/de\/wp-json\/wp\/v2\/comments?post=3864"}],"version-history":[{"count":0,"href":"https:\/\/www.eh-kickoff.com\/de\/wp-json\/wp\/v2\/pages\/3864\/revisions"}],"wp:attachment":[{"href":"https:\/\/www.eh-kickoff.com\/de\/wp-json\/wp\/v2\/media?parent=3864"}],"curies":[{"name":"wp","href":"https:\/\/api.w.org\/{rel}","templated":true}]}}