{"id":1521,"date":"2019-03-27T20:25:58","date_gmt":"2019-03-27T19:25:58","guid":{"rendered":"https:\/\/www.eh-kickoff.com\/en\/?page_id=1521"},"modified":"2022-08-24T08:46:25","modified_gmt":"2022-08-24T06:46:25","slug":"legal-notice","status":"publish","type":"page","link":"https:\/\/www.eh-kickoff.com\/de\/legal-notice\/","title":{"rendered":"Impressum"},"content":{"rendered":"<p>Informationspflicht laut \u00a75 E-Commerce Gesetz, \u00a714 Unternehmensgesetzbuch, \u00a763 Gewerbeordnung und Offenlegungspflicht laut \u00a725 Mediengesetz.<\/p>\n<p>EH Kickoff e.U.<br \/>\nErich Hohl<\/p>\n<p>Waldviertler Strasse 4\/5<br \/>\n3804 Allentsteig<br \/>\n\u00d6sterreich<\/p>\n<p><strong>Tel.:<\/strong> +43 680 218 23 85<br \/>\n<strong>E-Mail:<\/strong>\u00a0<a href=\"mailto:office@eh-kickoff.com\">office@eh-kickoff.com<\/a><\/p>\n<h2>EU-Streitschlichtung<\/h2>\n<p>Gem\u00e4\u00df Verordnung \u00fcber Online-Streitbeilegung in Verbraucherangelegenheiten (ODR-Verordnung) m\u00f6chten wir Sie \u00fcber die Online-Streitbeilegungsplattform (OS-Plattform) informieren.<br \/>\nVerbraucher haben die M\u00f6glichkeit, Beschwerden an die Online Streitbeilegungsplattform der Europ\u00e4ischen Kommission unter\u00a0<a href=\"https:\/\/ec.europa.eu\/consumers\/odr\/main\/index.cfm?event=main.home2.show&#038;lng=DE\" target=\"_blank\" rel=\"noreferrer noopener\">http:\/\/ec.europa.eu\/odr<\/a>\u00a0zu richten. Die daf\u00fcr notwendigen Kontaktdaten finden Sie oberhalb in unserem Impressum.<\/p>\n<p>Wir m\u00f6chten Sie jedoch darauf hinweisen, dass wir nicht bereit oder verpflichtet sind, an Streitbeilegungsverfahren vor einer Verbraucherschlichtungsstelle teilzunehmen.<\/p>\n<h2>Haftung f\u00fcr Inhalte dieser Webseite<\/h2>\n<p>Wir entwickeln die Inhalte dieser Webseite st\u00e4ndig weiter und bem\u00fchen uns korrekte und aktuelle Informationen bereitzustellen. Leider k\u00f6nnen wir keine Haftung f\u00fcr die Korrektheit aller Inhalte auf dieser Webseite \u00fcbernehmen, speziell f\u00fcr jene die seitens Dritter bereitgestellt wurden.<\/p>\n<p>Sollten Ihnen problematische oder rechtswidrige Inhalte auffallen, bitte wir Sie uns umgehend zu kontaktieren, Sie finden die Kontaktdaten im Impressum.<\/p>\n<h2>Haftung f\u00fcr Links auf dieser Webseite<\/h2>\n<p>Unsere Webseite enth\u00e4lt Links zu anderen Webseiten f\u00fcr deren Inhalt wir nicht verantwortlich sind. Haftung f\u00fcr verlinkte Websites besteht laut\u00a0<a href=\"https:\/\/www.ris.bka.gv.at\/Dokument.wxe?Abfrage=Bundesnormen&#038;Dokumentnummer=NOR40025813&#038;tid=221066210\" target=\"_blank\" rel=\"noreferrer noopener\">\u00a7 17 ECG<\/a>\u00a0f\u00fcr uns nicht, da wir keine Kenntnis rechtswidriger T\u00e4tigkeiten hatten und haben, uns solche Rechtswidrigkeiten auch bisher nicht aufgefallen sind und wir Links sofort entfernen w\u00fcrden, wenn uns Rechtswidrigkeiten bekannt werden.<\/p>\n<p>Wenn Ihnen rechtswidrige Links auf unserer Website auffallen, bitte wir Sie uns zu kontaktieren, Sie finden die Kontaktdaten im Impressum.<\/p>\n<h2>Urheberrechtshinweis<\/h2>\n<p>Alle Inhalte dieser Webseite (Bilder, Fotos, Texte, Videos) unterliegen dem Urheberrecht. Falls notwendig, werden wir die unerlaubte Nutzung von Teilen der Inhalte unserer Seite rechtlich verfolgen.<\/p>\n","protected":false},"excerpt":{"rendered":"<p>Informationspflicht laut \u00a75 E-Commerce Gesetz, \u00a714 Unternehmensgesetzbuch, \u00a763 Gewerbeordnung und Offenlegungspflicht laut \u00a725 Mediengesetz. EH Kickoff e.U. Erich Hohl Waldviertler Strasse 4\/5 3804 Allentsteig \u00d6sterreich Tel.: +43 680 218 23 85 E-Mail:\u00a0office@eh-kickoff.com EU-Streitschlichtung Gem\u00e4\u00df Verordnung \u00fcber Online-Streitbeilegung in Verbraucherangelegenheiten (ODR-Verordnung) m\u00f6chten wir Sie \u00fcber die Online-Streitbeilegungsplattform (OS-Plattform) informieren. Verbraucher haben die M\u00f6glichkeit, Beschwerden an die&hellip;<\/p>\n","protected":false},"author":1,"featured_media":0,"parent":0,"menu_order":0,"comment_status":"closed","ping_status":"closed","template":"","meta":{"footnotes":""},"class_list":["post-1521","page","type-page","status-publish","hentry","description-off"],"yoast_head":"<!-- This site is optimized with the Yoast SEO plugin v27.2 - https:\/\/yoast.com\/product\/yoast-seo-wordpress\/ -->\n<title>Impressum<\/title>\n<meta name=\"robots\" content=\"index, follow, max-snippet:-1, max-image-preview:large, max-video-preview:-1\" \/>\n<link rel=\"canonical\" href=\"https:\/\/www.eh-kickoff.com\/de\/legal-notice\/\" \/>\n<meta property=\"og:locale\" content=\"de_DE\" \/>\n<meta property=\"og:locale:alternate\" content=\"en_US,en_GB\" \/>\n<meta property=\"og:type\" content=\"article\" \/>\n<meta property=\"og:title\" content=\"Impressum\" \/>\n<meta property=\"og:description\" content=\"Informationspflicht laut \u00a75 E-Commerce Gesetz, \u00a714 Unternehmensgesetzbuch, \u00a763 Gewerbeordnung und Offenlegungspflicht laut \u00a725 Mediengesetz. EH Kickoff e.U. Erich Hohl Waldviertler Strasse 4\/5 3804 Allentsteig \u00d6sterreich Tel.: +43 680 218 23 85 E-Mail:\u00a0office@eh-kickoff.com EU-Streitschlichtung Gem\u00e4\u00df Verordnung \u00fcber Online-Streitbeilegung in Verbraucherangelegenheiten (ODR-Verordnung) m\u00f6chten wir Sie \u00fcber die Online-Streitbeilegungsplattform (OS-Plattform) informieren. Verbraucher haben die M\u00f6glichkeit, Beschwerden an die&hellip;\" \/>\n<meta property=\"og:url\" content=\"https:\/\/www.eh-kickoff.com\/de\/legal-notice\/\" \/>\n<meta property=\"og:site_name\" content=\"EH Kickoff\" \/>\n<meta property=\"article:modified_time\" content=\"2022-08-24T06:46:25+00:00\" \/>\n<meta name=\"twitter:card\" content=\"summary_large_image\" \/>\n<meta name=\"twitter:label1\" content=\"Gesch\u00e4tzte Lesezeit\" \/>\n\t<meta name=\"twitter:data1\" content=\"2\u00a0Minuten\" \/>\n<script type=\"application\/ld+json\" class=\"yoast-schema-graph\">{\"@context\":\"https:\/\/schema.org\",\"@graph\":[{\"@type\":\"WebPage\",\"@id\":\"https:\/\/www.eh-kickoff.com\/de\/legal-notice\/\",\"url\":\"https:\/\/www.eh-kickoff.com\/de\/legal-notice\/\",\"name\":\"Impressum\",\"isPartOf\":{\"@id\":\"https:\/\/www.eh-kickoff.com\/de\/#website\"},\"datePublished\":\"2019-03-27T19:25:58+00:00\",\"dateModified\":\"2022-08-24T06:46:25+00:00\",\"breadcrumb\":{\"@id\":\"https:\/\/www.eh-kickoff.com\/de\/legal-notice\/#breadcrumb\"},\"inLanguage\":\"de-DE\",\"potentialAction\":[{\"@type\":\"ReadAction\",\"target\":[\"https:\/\/www.eh-kickoff.com\/de\/legal-notice\/\"]}]},{\"@type\":\"BreadcrumbList\",\"@id\":\"https:\/\/www.eh-kickoff.com\/de\/legal-notice\/#breadcrumb\",\"itemListElement\":[{\"@type\":\"ListItem\",\"position\":1,\"name\":\"Startseite\",\"item\":\"https:\/\/www.eh-kickoff.com\/de\/\"},{\"@type\":\"ListItem\",\"position\":2,\"name\":\"Impressum\"}]},{\"@type\":\"WebSite\",\"@id\":\"https:\/\/www.eh-kickoff.com\/de\/#website\",\"url\":\"https:\/\/www.eh-kickoff.com\/de\/\",\"name\":\"EH Kickoff\",\"description\":\"our experience for your success\",\"publisher\":{\"@id\":\"https:\/\/www.eh-kickoff.com\/de\/#organization\"},\"potentialAction\":[{\"@type\":\"SearchAction\",\"target\":{\"@type\":\"EntryPoint\",\"urlTemplate\":\"https:\/\/www.eh-kickoff.com\/de\/?s={search_term_string}\"},\"query-input\":{\"@type\":\"PropertyValueSpecification\",\"valueRequired\":true,\"valueName\":\"search_term_string\"}}],\"inLanguage\":\"de-DE\"},{\"@type\":\"Organization\",\"@id\":\"https:\/\/www.eh-kickoff.com\/de\/#organization\",\"name\":\"EH Kickoff\",\"url\":\"https:\/\/www.eh-kickoff.com\/de\/\",\"logo\":{\"@type\":\"ImageObject\",\"inLanguage\":\"de-DE\",\"@id\":\"https:\/\/www.eh-kickoff.com\/de\/#\/schema\/logo\/image\/\",\"url\":\"https:\/\/www.eh-kickoff.com\/wp-content\/uploads\/2019\/03\/logo_hr.png\",\"contentUrl\":\"https:\/\/www.eh-kickoff.com\/wp-content\/uploads\/2019\/03\/logo_hr.png\",\"width\":650,\"height\":650,\"caption\":\"EH Kickoff\"},\"image\":{\"@id\":\"https:\/\/www.eh-kickoff.com\/de\/#\/schema\/logo\/image\/\"}}]}<\/script>\n<!-- \/ Yoast SEO plugin. -->","yoast_head_json":{"title":"Impressum","robots":{"index":"index","follow":"follow","max-snippet":"max-snippet:-1","max-image-preview":"max-image-preview:large","max-video-preview":"max-video-preview:-1"},"canonical":"https:\/\/www.eh-kickoff.com\/de\/legal-notice\/","og_locale":"de_DE","og_type":"article","og_title":"[:en]legal notice[:de]Impressum[:] &#8211; EH Kickoff","og_description":"Informationspflicht laut \u00a75 E-Commerce Gesetz, \u00a714 Unternehmensgesetzbuch, \u00a763 Gewerbeordnung und Offenlegungspflicht laut \u00a725 Mediengesetz. EH Kickoff e.U. Erich Hohl Waldviertler Strasse 4\/5 3804 Allentsteig \u00d6sterreich Tel.: +43 680 218 23 85 E-Mail:\u00a0office@eh-kickoff.com EU-Streitschlichtung Gem\u00e4\u00df Verordnung \u00fcber Online-Streitbeilegung in Verbraucherangelegenheiten (ODR-Verordnung) m\u00f6chten wir Sie \u00fcber die Online-Streitbeilegungsplattform (OS-Plattform) informieren. Verbraucher haben die M\u00f6glichkeit, Beschwerden an die&hellip;","og_url":"https:\/\/www.eh-kickoff.com\/de\/legal-notice\/","og_site_name":"EH Kickoff","article_modified_time":"2022-08-24T06:46:25+00:00","twitter_card":"summary_large_image","twitter_misc":{"Gesch\u00e4tzte Lesezeit":"2\u00a0Minuten"},"schema":{"@context":"https:\/\/schema.org","@graph":[{"@type":"WebPage","@id":"https:\/\/www.eh-kickoff.com\/de\/legal-notice\/","url":"https:\/\/www.eh-kickoff.com\/de\/legal-notice\/","name":"Impressum","isPartOf":{"@id":"https:\/\/www.eh-kickoff.com\/de\/#website"},"datePublished":"2019-03-27T19:25:58+00:00","dateModified":"2022-08-24T06:46:25+00:00","breadcrumb":{"@id":"https:\/\/www.eh-kickoff.com\/de\/legal-notice\/#breadcrumb"},"inLanguage":"de-DE","potentialAction":[{"@type":"ReadAction","target":["https:\/\/www.eh-kickoff.com\/de\/legal-notice\/"]}]},{"@type":"BreadcrumbList","@id":"https:\/\/www.eh-kickoff.com\/de\/legal-notice\/#breadcrumb","itemListElement":[{"@type":"ListItem","position":1,"name":"Startseite","item":"https:\/\/www.eh-kickoff.com\/de\/"},{"@type":"ListItem","position":2,"name":"Impressum"}]},{"@type":"WebSite","@id":"https:\/\/www.eh-kickoff.com\/de\/#website","url":"https:\/\/www.eh-kickoff.com\/de\/","name":"EH Kickoff","description":"our experience for your success","publisher":{"@id":"https:\/\/www.eh-kickoff.com\/de\/#organization"},"potentialAction":[{"@type":"SearchAction","target":{"@type":"EntryPoint","urlTemplate":"https:\/\/www.eh-kickoff.com\/de\/?s={search_term_string}"},"query-input":{"@type":"PropertyValueSpecification","valueRequired":true,"valueName":"search_term_string"}}],"inLanguage":"de-DE"},{"@type":"Organization","@id":"https:\/\/www.eh-kickoff.com\/de\/#organization","name":"EH Kickoff","url":"https:\/\/www.eh-kickoff.com\/de\/","logo":{"@type":"ImageObject","inLanguage":"de-DE","@id":"https:\/\/www.eh-kickoff.com\/de\/#\/schema\/logo\/image\/","url":"https:\/\/www.eh-kickoff.com\/wp-content\/uploads\/2019\/03\/logo_hr.png","contentUrl":"https:\/\/www.eh-kickoff.com\/wp-content\/uploads\/2019\/03\/logo_hr.png","width":650,"height":650,"caption":"EH Kickoff"},"image":{"@id":"https:\/\/www.eh-kickoff.com\/de\/#\/schema\/logo\/image\/"}}]}},"_links":{"self":[{"href":"https:\/\/www.eh-kickoff.com\/de\/wp-json\/wp\/v2\/pages\/1521","targetHints":{"allow":["GET"]}}],"collection":[{"href":"https:\/\/www.eh-kickoff.com\/de\/wp-json\/wp\/v2\/pages"}],"about":[{"href":"https:\/\/www.eh-kickoff.com\/de\/wp-json\/wp\/v2\/types\/page"}],"author":[{"embeddable":true,"href":"https:\/\/www.eh-kickoff.com\/de\/wp-json\/wp\/v2\/users\/1"}],"replies":[{"embeddable":true,"href":"https:\/\/www.eh-kickoff.com\/de\/wp-json\/wp\/v2\/comments?post=1521"}],"version-history":[{"count":0,"href":"https:\/\/www.eh-kickoff.com\/de\/wp-json\/wp\/v2\/pages\/1521\/revisions"}],"wp:attachment":[{"href":"https:\/\/www.eh-kickoff.com\/de\/wp-json\/wp\/v2\/media?parent=1521"}],"curies":[{"name":"wp","href":"https:\/\/api.w.org\/{rel}","templated":true}]}}